{"id":92,"date":"2025-07-21T18:53:42","date_gmt":"2025-07-21T18:53:42","guid":{"rendered":"https:\/\/www.zaemebuure.ch\/?page_id=92"},"modified":"2026-01-05T08:32:38","modified_gmt":"2026-01-05T08:32:38","slug":"startseite","status":"publish","type":"page","link":"https:\/\/www.zaemebuure.ch\/","title":{"rendered":""},"content":{"rendered":"\n<div class=\"wp-block-cover alignfull is-light hestia-clear-top-padding\"><span aria-hidden=\"true\" class=\"wp-block-cover__background has-white-background-color has-background-dim-100 has-background-dim\"><\/span><div class=\"wp-block-cover__inner-container is-layout-flow wp-block-cover-is-layout-flow\">\n<h2 class=\"wp-block-heading has-text-align-center has-text-color\" style=\"color:#3c4858\">\u00dcber mich<\/h2>\n\n\n\n<div style=\"height:40px\" aria-hidden=\"true\" class=\"wp-block-spacer\"><\/div>\n\n\n<div class=\"wp-block-image\">\n<figure class=\"alignright size-full is-resized\"><img loading=\"lazy\" decoding=\"async\" width=\"400\" height=\"400\" src=\"https:\/\/www.zaemebuure.ch\/wp-content\/uploads\/2025\/06\/bap8277_fsq.jpg\" alt=\"\" class=\"wp-image-30\" style=\"width:219px;height:auto\" srcset=\"https:\/\/www.zaemebuure.ch\/wp-content\/uploads\/2025\/06\/bap8277_fsq.jpg 400w, https:\/\/www.zaemebuure.ch\/wp-content\/uploads\/2025\/06\/bap8277_fsq-300x300.jpg 300w, https:\/\/www.zaemebuure.ch\/wp-content\/uploads\/2025\/06\/bap8277_fsq-150x150.jpg 150w\" sizes=\"auto, (max-width: 400px) 100vw, 400px\" \/><figcaption class=\"wp-element-caption\"><strong>Till Graf<\/strong><br>ETH Agrarwissenschaften MSc<\/figcaption><\/figure>\n<\/div>\n\n\n<p><strong>Beruflicher Werdegang<\/strong><\/p>\n\n\n\n<p><strong>2025-<\/strong>&nbsp;&nbsp;&nbsp;&nbsp;&nbsp;&nbsp;&nbsp;&nbsp;&nbsp;&nbsp;&nbsp;&nbsp;&nbsp;&nbsp;&nbsp; Gem\u00fcseg\u00e4rtner bei Genossenschaft &#8222;Gm\u00fcesabo&#8220;<\/p>\n\n\n\n<p><strong>2025-<\/strong> &nbsp;&nbsp;&nbsp;&nbsp;&nbsp;&nbsp;&nbsp;&nbsp;&nbsp;&nbsp;&nbsp;&nbsp;&nbsp;&nbsp; Landwirtschaftlicher Mitarbeiter auf Bio-Betrieb in Heiden, AR, mit Mutterkuhhaltung und Gem\u00fcse<\/p>\n\n\n\n<p><strong>2024-2025<\/strong>&nbsp;&nbsp;&nbsp;&nbsp;&nbsp;   Masterarbeit \u00abHof\u00fcbergabe an Kollektive\u00bb<\/p>\n\n\n\n<p><strong>2019-2025<\/strong>&nbsp;&nbsp;&nbsp;&nbsp;&nbsp;    Studium Agrarwissenschaften an der ETH, im Master Vertiefung Pflanzenbau<\/p>\n\n\n\n<p><strong>2024<\/strong>&nbsp;&nbsp;&nbsp; &nbsp;&nbsp;&nbsp;&nbsp;&nbsp;&nbsp;&nbsp;&nbsp;&nbsp;&nbsp;&nbsp;&nbsp;&nbsp; Praktikum auf Betrieb mit Ziegen und Ackerbau<\/p>\n\n\n\n<p><strong>2024<\/strong>&nbsp;&nbsp;&nbsp; &nbsp;&nbsp;&nbsp;&nbsp;&nbsp;&nbsp;&nbsp;&nbsp;&nbsp;&nbsp;&nbsp;&nbsp;&nbsp; Praktikum Agridea, Gruppe Pflanzenbau<\/p>\n\n\n\n<p><strong>2023\u00a0\u00a0\u00a0 <\/strong>\u00a0\u00a0\u00a0\u00a0\u00a0\u00a0\u00a0\u00a0\u00a0\u00a0\u00a0\u00a0\u00a0 Auslandssemester an der University of Georgia, USA<\/p>\n\n\n\n<p><strong>2022-2023<\/strong>&nbsp;&nbsp;&nbsp;&nbsp;&nbsp;   Praktikum bei Beerstecher AG<\/p>\n\n\n\n<p><strong>2022&nbsp;&nbsp;&nbsp;&nbsp;&nbsp;&nbsp;&nbsp;&nbsp;&nbsp;&nbsp;&nbsp;&nbsp;&nbsp;&nbsp;&nbsp;&nbsp; <\/strong>Bachelorarbeit \u00abFunktionalit\u00e4t von Zaunsystemen als Herdenschutzmassnahme im      Appenzellerland\u00bb<\/p>\n\n\n\n<p><strong>2019<\/strong>&nbsp;&nbsp;&nbsp;&nbsp;&nbsp;&nbsp;&nbsp;&nbsp;&nbsp;&nbsp;&nbsp;&nbsp;&nbsp;&nbsp;&nbsp;&nbsp; Praktikum auf zwei Bio-Betrieben in der Schweiz und Alpsommer im Wallis als Kuhhirt<\/p>\n\n\n\n<p><strong>2018&nbsp;&nbsp;&nbsp; &nbsp;&nbsp;&nbsp;&nbsp;&nbsp;&nbsp;&nbsp;&nbsp;&nbsp;&nbsp;&nbsp;&nbsp;&nbsp;<\/strong>Praktikum auf Bio-Betrieb in Schweden<\/p>\n\n\n\n<div style=\"height:40px\" aria-hidden=\"true\" class=\"wp-block-spacer\"><\/div>\n<\/div><\/div>\n","protected":false},"excerpt":{"rendered":"","protected":false},"author":1,"featured_media":72,"parent":0,"menu_order":0,"comment_status":"closed","ping_status":"closed","template":"","meta":{"_themeisle_gutenberg_block_has_review":false,"footnotes":""},"class_list":["post-92","page","type-page","status-publish","has-post-thumbnail","hentry"],"_links":{"self":[{"href":"https:\/\/www.zaemebuure.ch\/index.php?rest_route=\/wp\/v2\/pages\/92","targetHints":{"allow":["GET"]}}],"collection":[{"href":"https:\/\/www.zaemebuure.ch\/index.php?rest_route=\/wp\/v2\/pages"}],"about":[{"href":"https:\/\/www.zaemebuure.ch\/index.php?rest_route=\/wp\/v2\/types\/page"}],"author":[{"embeddable":true,"href":"https:\/\/www.zaemebuure.ch\/index.php?rest_route=\/wp\/v2\/users\/1"}],"replies":[{"embeddable":true,"href":"https:\/\/www.zaemebuure.ch\/index.php?rest_route=%2Fwp%2Fv2%2Fcomments&post=92"}],"version-history":[{"count":6,"href":"https:\/\/www.zaemebuure.ch\/index.php?rest_route=\/wp\/v2\/pages\/92\/revisions"}],"predecessor-version":[{"id":263,"href":"https:\/\/www.zaemebuure.ch\/index.php?rest_route=\/wp\/v2\/pages\/92\/revisions\/263"}],"wp:featuredmedia":[{"embeddable":true,"href":"https:\/\/www.zaemebuure.ch\/index.php?rest_route=\/wp\/v2\/media\/72"}],"wp:attachment":[{"href":"https:\/\/www.zaemebuure.ch\/index.php?rest_route=%2Fwp%2Fv2%2Fmedia&parent=92"}],"curies":[{"name":"wp","href":"https:\/\/api.w.org\/{rel}","templated":true}]}}